{"id":7399,"date":"2021-10-08T16:27:16","date_gmt":"2021-10-08T14:27:16","guid":{"rendered":"https:\/\/theladyofallnations.info\/live-aus-der-kapelle\/"},"modified":"2022-02-21T16:21:29","modified_gmt":"2022-02-21T14:21:29","slug":"elo-koezvetites","status":"publish","type":"page","link":"https:\/\/theladyofallnations.info\/hu\/elo-koezvetites\/","title":{"rendered":"\u00c9l\u0151 k\u00f6zvet\u00edt\u00e9s"},"content":{"rendered":"<p><div class=\"fusion-fullwidth fullwidth-box fusion-builder-row-1 sticky nonhundred-percent-fullwidth non-hundred-percent-height-scrolling fusion-sticky-container\" style=\"--awb-border-radius-top-left:0px;--awb-border-radius-top-right:0px;--awb-border-radius-bottom-right:0px;--awb-border-radius-bottom-left:0px;--awb-padding-top:0px;--awb-padding-right:0px;--awb-padding-bottom:0px;--awb-padding-left:0px;--awb-background-color:#f3ece1;--awb-flex-wrap:wrap;\" data-transition-offset=\"0\" data-scroll-offset=\"0\" data-sticky-small-visibility=\"1\" data-sticky-medium-visibility=\"1\" data-sticky-large-visibility=\"1\" ><div class=\"fusion-builder-row fusion-row\"><div class=\"fusion-layout-column fusion_builder_column fusion-builder-column-0 fusion_builder_column_1_1 1_1 fusion-one-full fusion-column-first fusion-column-last\" style=\"--awb-bg-color:#f3ece1;--awb-bg-color-hover:#f3ece1;--awb-bg-size:cover;--awb-margin-top:5px;--awb-margin-bottom:10px;\"><div class=\"fusion-column-wrapper fusion-column-has-shadow fusion-flex-column-wrapper-legacy\"><div class=\"fusion-column-content-centered\"><div class=\"fusion-column-content\"><div class=\"fusion-widget fusion-widget-element fusion-widget-area fusion-content-widget-area wpWidget-1 fusion-widget-align-center fusion_widget_menu fusion-no-small-visibility\" style=\"--awb-fusion-border-size:0px;--awb-fusion-bg-color:#f3ece1;--awb-fusion-border-style:solid;\"><div class=\"widget menu\"><style type=\"text\/css\">#menu-widget-1{text-align:center;}#fusion-menu-widget-1 li{display:inline-block;}#fusion-menu-widget-1 ul li a{display:inline-block;padding:0;border:0;color:#3a312f;font-size:24px;}#fusion-menu-widget-1 ul li a:after{content:\"|\";color:#3a312f;padding-right:25px;padding-left:25px;font-size:24px;}#fusion-menu-widget-1 ul li a:hover,#fusion-menu-widget-1 ul .menu-item.current-menu-item a{color:#445f72;}#fusion-menu-widget-1 ul li:last-child a:after{display:none;}#fusion-menu-widget-1 ul li .fusion-widget-cart-number{margin:0 7px;background-color:#445f72;color:#3a312f;}#fusion-menu-widget-1 ul li.fusion-active-cart-icon .fusion-widget-cart-icon:after{color:#445f72;}<\/style><nav id=\"fusion-menu-widget-1\" class=\"fusion-widget-menu\" aria-label=\"Secondary navigation\"><ul id=\"menu-desktop-menu-hu\" class=\"menu\"><li id=\"menu-item-7394\" class=\"menu-item menu-item-type-post_type menu-item-object-page menu-item-home menu-item-7394\"><a href=\"https:\/\/theladyofallnations.info\/hu\/\">F\u0151oldal<\/a><\/li><li id=\"menu-item-7470\" class=\"menu-item menu-item-type-post_type menu-item-object-page menu-item-7470\"><a href=\"https:\/\/theladyofallnations.info\/hu\/elo-koezvetites\/\">\u00c9l\u0151 k\u00f6zvet\u00edt\u00e9s<\/a><\/li><li id=\"menu-item-7469\" class=\"menu-item menu-item-type-post_type menu-item-object-page menu-item-7469\"><a href=\"https:\/\/theladyofallnations.info\/hu\/hirek\/\">H\u00edrek<\/a><\/li><li id=\"menu-item-9647\" class=\"menu-item menu-item-type-custom menu-item-object-custom menu-item-9647\"><a href=\"#\">Imanap<\/a><\/li><li id=\"menu-item-7468\" class=\"menu-item menu-item-type-post_type menu-item-object-page menu-item-7468\"><a href=\"https:\/\/theladyofallnations.info\/hu\/kapolna\/\">K\u00e1polna<\/a><\/li><li id=\"menu-item-7467\" class=\"menu-item menu-item-type-post_type menu-item-object-page menu-item-7467\"><a href=\"https:\/\/theladyofallnations.info\/hu\/kapcsolat\/\">Kapcsolat<\/a><\/li><li id=\"menu-item-7471\" class=\"menu-item menu-item-type-custom menu-item-object-custom menu-item-7471\"><a target=\"_blank\" href=\"https:\/\/www.theladyofallnations.org\/epages\/62619833.sf\/en_GB\/\">Web\u00e1ruh\u00e1z<\/a><\/li><\/ul><\/nav><\/div><\/div><!--<div style=\"width:100%;max-width:630px;margin:.5em auto .25em auto;padding:.5em;font-size: 24px;text-align:center;border-top:1px solid #3a312f;border-bottom:1px solid #3a312f\">\n\t<b><a style=\"color:#3a312f\" href=\"http:\/\/www.gebetstag.info\/\" target=\"_blank\" rel=\"noopener\">Day of Prayer 2022:<\/a> <a style=\"color:#f44336\" href=\"http:\/\/www.gebetstag.info\/\" target=\"_blank\" rel=\"noopener\">Livestream<\/a> <small>\u2022<\/small> <a style=\"color:#f44336\" href=\"http:\/\/www.gebetstag.info\/\" target=\"_blank\" rel=\"noopener\">Program<\/a> <small>\u2022<\/small> <a style=\"color:#f44336\" href=\"http:\/\/www.gebetstag.info\/\" target=\"_blank\" rel=\"noopener\">Interview<\/a><\/b>\n<\/div>-->\n<div style=\"text-align:center\">\n\t\n<div class=\"wpml-ls-statics-shortcode_actions wpml-ls wpml-ls-legacy-list-horizontal\">\n\t<ul><li class=\"wpml-ls-slot-shortcode_actions wpml-ls-item wpml-ls-item-de wpml-ls-first-item wpml-ls-item-legacy-list-horizontal\">\n\t\t\t\t<a href=\"https:\/\/theladyofallnations.info\/de\/\" class=\"wpml-ls-link\">\n                                                        <img decoding=\"async\"\n            class=\"lazyload wpml-ls-flag\"\n            src=\"data:image\/gif;base64,R0lGODlhAQABAAAAACH5BAEKAAEALAAAAAABAAEAAAICTAEAOw==\" data-orig-src=\"https:\/\/theladyofallnations.info\/wp-content\/plugins\/sitepress-multilingual-cms\/res\/flags\/de.png\"\n            alt=\"n\u00e9met\"\n            width=18\n            height=12\n    \/><\/a>\n\t\t\t<\/li><li class=\"wpml-ls-slot-shortcode_actions wpml-ls-item wpml-ls-item-nl wpml-ls-item-legacy-list-horizontal\">\n\t\t\t\t<a href=\"https:\/\/theladyofallnations.info\/nl\/\" class=\"wpml-ls-link\">\n                                                        <img decoding=\"async\"\n            class=\"lazyload wpml-ls-flag\"\n            src=\"data:image\/gif;base64,R0lGODlhAQABAAAAACH5BAEKAAEALAAAAAABAAEAAAICTAEAOw==\" data-orig-src=\"https:\/\/theladyofallnations.info\/wp-content\/plugins\/sitepress-multilingual-cms\/res\/flags\/nl.png\"\n            alt=\"holland\"\n            width=18\n            height=12\n    \/><\/a>\n\t\t\t<\/li><li class=\"wpml-ls-slot-shortcode_actions wpml-ls-item wpml-ls-item-en wpml-ls-item-legacy-list-horizontal\">\n\t\t\t\t<a href=\"https:\/\/theladyofallnations.info\/en\/\" class=\"wpml-ls-link\">\n                                                        <img decoding=\"async\"\n            class=\"lazyload wpml-ls-flag\"\n            src=\"data:image\/gif;base64,R0lGODlhAQABAAAAACH5BAEKAAEALAAAAAABAAEAAAICTAEAOw==\" data-orig-src=\"https:\/\/theladyofallnations.info\/wp-content\/plugins\/sitepress-multilingual-cms\/res\/flags\/en.png\"\n            alt=\"angol\"\n            width=18\n            height=12\n    \/><\/a>\n\t\t\t<\/li><li class=\"wpml-ls-slot-shortcode_actions wpml-ls-item wpml-ls-item-fr wpml-ls-item-legacy-list-horizontal\">\n\t\t\t\t<a href=\"https:\/\/theladyofallnations.info\/fr\/\" class=\"wpml-ls-link\">\n                                                        <img decoding=\"async\"\n            class=\"lazyload wpml-ls-flag\"\n            src=\"data:image\/gif;base64,R0lGODlhAQABAAAAACH5BAEKAAEALAAAAAABAAEAAAICTAEAOw==\" data-orig-src=\"https:\/\/theladyofallnations.info\/wp-content\/plugins\/sitepress-multilingual-cms\/res\/flags\/fr.png\"\n            alt=\"francia\"\n            width=18\n            height=12\n    \/><\/a>\n\t\t\t<\/li><li class=\"wpml-ls-slot-shortcode_actions wpml-ls-item wpml-ls-item-it wpml-ls-item-legacy-list-horizontal\">\n\t\t\t\t<a href=\"https:\/\/theladyofallnations.info\/it\/\" class=\"wpml-ls-link\">\n                                                        <img decoding=\"async\"\n            class=\"lazyload wpml-ls-flag\"\n            src=\"data:image\/gif;base64,R0lGODlhAQABAAAAACH5BAEKAAEALAAAAAABAAEAAAICTAEAOw==\" data-orig-src=\"https:\/\/theladyofallnations.info\/wp-content\/plugins\/sitepress-multilingual-cms\/res\/flags\/it.png\"\n            alt=\"olasz\"\n            width=18\n            height=12\n    \/><\/a>\n\t\t\t<\/li><li class=\"wpml-ls-slot-shortcode_actions wpml-ls-item wpml-ls-item-es wpml-ls-item-legacy-list-horizontal\">\n\t\t\t\t<a href=\"https:\/\/theladyofallnations.info\/es\/\" class=\"wpml-ls-link\">\n                                                        <img decoding=\"async\"\n            class=\"lazyload wpml-ls-flag\"\n            src=\"data:image\/gif;base64,R0lGODlhAQABAAAAACH5BAEKAAEALAAAAAABAAEAAAICTAEAOw==\" data-orig-src=\"https:\/\/theladyofallnations.info\/wp-content\/plugins\/sitepress-multilingual-cms\/res\/flags\/es.png\"\n            alt=\"spanyol\"\n            width=18\n            height=12\n    \/><\/a>\n\t\t\t<\/li><li class=\"wpml-ls-slot-shortcode_actions wpml-ls-item wpml-ls-item-pl wpml-ls-item-legacy-list-horizontal\">\n\t\t\t\t<a href=\"https:\/\/theladyofallnations.info\/pl\/\" class=\"wpml-ls-link\">\n                                                        <img decoding=\"async\"\n            class=\"lazyload wpml-ls-flag\"\n            src=\"data:image\/gif;base64,R0lGODlhAQABAAAAACH5BAEKAAEALAAAAAABAAEAAAICTAEAOw==\" data-orig-src=\"https:\/\/theladyofallnations.info\/wp-content\/plugins\/sitepress-multilingual-cms\/res\/flags\/pl.png\"\n            alt=\"lengyel\"\n            width=18\n            height=12\n    \/><\/a>\n\t\t\t<\/li><li class=\"wpml-ls-slot-shortcode_actions wpml-ls-item wpml-ls-item-pt-br wpml-ls-item-legacy-list-horizontal\">\n\t\t\t\t<a href=\"https:\/\/theladyofallnations.info\/pt-br\/\" class=\"wpml-ls-link\">\n                                                        <img decoding=\"async\"\n            class=\"lazyload wpml-ls-flag\"\n            src=\"data:image\/gif;base64,R0lGODlhAQABAAAAACH5BAEKAAEALAAAAAABAAEAAAICTAEAOw==\" data-orig-src=\"https:\/\/theladyofallnations.info\/wp-content\/plugins\/sitepress-multilingual-cms\/res\/flags\/pt-br.png\"\n            alt=\"brazil\"\n            width=18\n            height=12\n    \/><\/a>\n\t\t\t<\/li><li class=\"wpml-ls-slot-shortcode_actions wpml-ls-item wpml-ls-item-ru wpml-ls-item-legacy-list-horizontal\">\n\t\t\t\t<a href=\"https:\/\/theladyofallnations.info\/ru\/\" class=\"wpml-ls-link\">\n                                                        <img decoding=\"async\"\n            class=\"lazyload wpml-ls-flag\"\n            src=\"data:image\/gif;base64,R0lGODlhAQABAAAAACH5BAEKAAEALAAAAAABAAEAAAICTAEAOw==\" data-orig-src=\"https:\/\/theladyofallnations.info\/wp-content\/plugins\/sitepress-multilingual-cms\/res\/flags\/ru.png\"\n            alt=\"orosz\"\n            width=18\n            height=12\n    \/><\/a>\n\t\t\t<\/li><li class=\"wpml-ls-slot-shortcode_actions wpml-ls-item wpml-ls-item-sk wpml-ls-item-legacy-list-horizontal\">\n\t\t\t\t<a href=\"https:\/\/theladyofallnations.info\/sk\/\" class=\"wpml-ls-link\">\n                                                        <img decoding=\"async\"\n            class=\"lazyload wpml-ls-flag\"\n            src=\"data:image\/gif;base64,R0lGODlhAQABAAAAACH5BAEKAAEALAAAAAABAAEAAAICTAEAOw==\" data-orig-src=\"https:\/\/theladyofallnations.info\/wp-content\/plugins\/sitepress-multilingual-cms\/res\/flags\/sk.png\"\n            alt=\"szl\u00e1v\"\n            width=18\n            height=12\n    \/><\/a>\n\t\t\t<\/li><li class=\"wpml-ls-slot-shortcode_actions wpml-ls-item wpml-ls-item-cs wpml-ls-item-legacy-list-horizontal\">\n\t\t\t\t<a href=\"https:\/\/theladyofallnations.info\/cs\/\" class=\"wpml-ls-link\">\n                                                        <img decoding=\"async\"\n            class=\"lazyload wpml-ls-flag\"\n            src=\"data:image\/gif;base64,R0lGODlhAQABAAAAACH5BAEKAAEALAAAAAABAAEAAAICTAEAOw==\" data-orig-src=\"https:\/\/theladyofallnations.info\/wp-content\/plugins\/sitepress-multilingual-cms\/res\/flags\/cs.png\"\n            alt=\"cseh\"\n            width=18\n            height=12\n    \/><\/a>\n\t\t\t<\/li><li class=\"wpml-ls-slot-shortcode_actions wpml-ls-item wpml-ls-item-hu wpml-ls-current-language wpml-ls-item-legacy-list-horizontal\">\n\t\t\t\t<a href=\"https:\/\/theladyofallnations.info\/hu\/\" class=\"wpml-ls-link\">\n                                                        <img decoding=\"async\"\n            class=\"lazyload wpml-ls-flag\"\n            src=\"data:image\/gif;base64,R0lGODlhAQABAAAAACH5BAEKAAEALAAAAAABAAEAAAICTAEAOw==\" data-orig-src=\"https:\/\/theladyofallnations.info\/wp-content\/plugins\/sitepress-multilingual-cms\/res\/flags\/hu.png\"\n            alt=\"Magyar\"\n            width=18\n            height=12\n    \/><\/a>\n\t\t\t<\/li><li class=\"wpml-ls-slot-shortcode_actions wpml-ls-item wpml-ls-item-ar wpml-ls-item-legacy-list-horizontal\">\n\t\t\t\t<a href=\"https:\/\/theladyofallnations.info\/ar\/\" class=\"wpml-ls-link\">\n                                                        <img decoding=\"async\"\n            class=\"lazyload wpml-ls-flag\"\n            src=\"data:image\/gif;base64,R0lGODlhAQABAAAAACH5BAEKAAEALAAAAAABAAEAAAICTAEAOw==\" data-orig-src=\"https:\/\/theladyofallnations.info\/wp-content\/plugins\/sitepress-multilingual-cms\/res\/flags\/ar.png\"\n            alt=\"arab\"\n            width=18\n            height=12\n    \/><\/a>\n\t\t\t<\/li><li class=\"wpml-ls-slot-shortcode_actions wpml-ls-item wpml-ls-item-id wpml-ls-item-legacy-list-horizontal\">\n\t\t\t\t<a href=\"https:\/\/theladyofallnations.info\/id\/\" class=\"wpml-ls-link\">\n                                                        <img decoding=\"async\"\n            class=\"lazyload wpml-ls-flag\"\n            src=\"data:image\/gif;base64,R0lGODlhAQABAAAAACH5BAEKAAEALAAAAAABAAEAAAICTAEAOw==\" data-orig-src=\"https:\/\/theladyofallnations.info\/wp-content\/plugins\/sitepress-multilingual-cms\/res\/flags\/id.png\"\n            alt=\"indon\u00e9z\"\n            width=18\n            height=12\n    \/><\/a>\n\t\t\t<\/li><li class=\"wpml-ls-slot-shortcode_actions wpml-ls-item wpml-ls-item-hr wpml-ls-item-legacy-list-horizontal\">\n\t\t\t\t<a href=\"https:\/\/theladyofallnations.info\/hr\/\" class=\"wpml-ls-link\">\n                                                        <img decoding=\"async\"\n            class=\"lazyload wpml-ls-flag\"\n            src=\"data:image\/gif;base64,R0lGODlhAQABAAAAACH5BAEKAAEALAAAAAABAAEAAAICTAEAOw==\" data-orig-src=\"https:\/\/theladyofallnations.info\/wp-content\/plugins\/sitepress-multilingual-cms\/res\/flags\/hr.png\"\n            alt=\"horv\u00e1t\"\n            width=18\n            height=12\n    \/><\/a>\n\t\t\t<\/li><li class=\"wpml-ls-slot-shortcode_actions wpml-ls-item wpml-ls-item-ko wpml-ls-item-legacy-list-horizontal\">\n\t\t\t\t<a href=\"https:\/\/theladyofallnations.info\/ko\/\" class=\"wpml-ls-link\">\n                                                        <img decoding=\"async\"\n            class=\"lazyload wpml-ls-flag\"\n            src=\"data:image\/gif;base64,R0lGODlhAQABAAAAACH5BAEKAAEALAAAAAABAAEAAAICTAEAOw==\" data-orig-src=\"https:\/\/theladyofallnations.info\/wp-content\/plugins\/sitepress-multilingual-cms\/res\/flags\/ko.png\"\n            alt=\"koreai\"\n            width=18\n            height=12\n    \/><\/a>\n\t\t\t<\/li><li class=\"wpml-ls-slot-shortcode_actions wpml-ls-item wpml-ls-item-ja wpml-ls-last-item wpml-ls-item-legacy-list-horizontal\">\n\t\t\t\t<a href=\"https:\/\/theladyofallnations.info\/ja\/\" class=\"wpml-ls-link\">\n                                                        <img decoding=\"async\"\n            class=\"lazyload wpml-ls-flag\"\n            src=\"data:image\/gif;base64,R0lGODlhAQABAAAAACH5BAEKAAEALAAAAAABAAEAAAICTAEAOw==\" data-orig-src=\"https:\/\/theladyofallnations.info\/wp-content\/plugins\/sitepress-multilingual-cms\/res\/flags\/ja.png\"\n            alt=\"jap\u00e1n\"\n            width=18\n            height=12\n    \/><\/a>\n\t\t\t<\/li><\/ul>\n<\/div>\n\n<\/div><\/div><\/div><div class=\"fusion-clearfix\"><\/div><\/div><\/div><\/div><\/div>\n<div class=\"fusion-fullwidth fullwidth-box fusion-builder-row-2 hundred-percent-fullwidth non-hundred-percent-height-scrolling\" style=\"--awb-border-radius-top-left:0px;--awb-border-radius-top-right:0px;--awb-border-radius-bottom-right:0px;--awb-border-radius-bottom-left:0px;--awb-padding-top:0px;--awb-padding-right:0px;--awb-padding-bottom:0px;--awb-padding-left:0px;--awb-margin-top:0px;--awb-margin-bottom:0px;--awb-background-color:#f3ece1;--awb-flex-wrap:wrap;\" ><div class=\"fusion-builder-row fusion-row\"><div class=\"fusion-layout-column fusion_builder_column fusion-builder-column-1 fusion_builder_column_1_1 1_1 fusion-one-full fusion-column-first fusion-column-last\" style=\"--awb-padding-top:0px;--awb-padding-right:0px;--awb-padding-bottom:0px;--awb-padding-left:0px;--awb-bg-size:cover;--awb-margin-bottom:0px;\"><div class=\"fusion-column-wrapper fusion-column-has-shadow fusion-flex-column-wrapper-legacy\"><div class=\"fusion-image-element fusion-image-align-center in-legacy-container\" style=\"text-align:center;--awb-caption-title-font-family:var(--h2_typography-font-family);--awb-caption-title-font-weight:var(--h2_typography-font-weight);--awb-caption-title-font-style:var(--h2_typography-font-style);--awb-caption-title-size:var(--h2_typography-font-size);--awb-caption-title-transform:var(--h2_typography-text-transform);--awb-caption-title-line-height:var(--h2_typography-line-height);--awb-caption-title-letter-spacing:var(--h2_typography-letter-spacing);\"><div class=\"imageframe-align-center\"><span class=\" fusion-imageframe imageframe-none imageframe-1 hover-type-none\"><img decoding=\"async\" width=\"1920\" height=\"660\" src=\"https:\/\/theladyofallnations.info\/wp-content\/uploads\/2020\/06\/header-1920x660-live.jpg\" data-orig-src=\"http:\/\/theladyofallnations.info\/wp-content\/uploads\/2020\/06\/header-1920x660-live.jpg\" alt class=\"lazyload img-responsive wp-image-5095\" srcset=\"data:image\/svg+xml,%3Csvg%20xmlns%3D%27http%3A%2F%2Fwww.w3.org%2F2000%2Fsvg%27%20width%3D%271920%27%20height%3D%27660%27%20viewBox%3D%270%200%201920%20660%27%3E%3Crect%20width%3D%271920%27%20height%3D%27660%27%20fill-opacity%3D%220%22%2F%3E%3C%2Fsvg%3E\" data-srcset=\"https:\/\/theladyofallnations.info\/wp-content\/uploads\/2020\/06\/header-1920x660-live-200x69.jpg 200w, https:\/\/theladyofallnations.info\/wp-content\/uploads\/2020\/06\/header-1920x660-live-400x138.jpg 400w, https:\/\/theladyofallnations.info\/wp-content\/uploads\/2020\/06\/header-1920x660-live-600x206.jpg 600w, https:\/\/theladyofallnations.info\/wp-content\/uploads\/2020\/06\/header-1920x660-live-800x275.jpg 800w, https:\/\/theladyofallnations.info\/wp-content\/uploads\/2020\/06\/header-1920x660-live-1200x413.jpg 1200w, https:\/\/theladyofallnations.info\/wp-content\/uploads\/2020\/06\/header-1920x660-live.jpg 1920w\" data-sizes=\"auto\" data-orig-sizes=\"(max-width: 800px) 100vw, 1920px\" \/><\/span><\/div><\/div><div class=\"fusion-clearfix\"><\/div><\/div><\/div><\/div><\/div><div class=\"fusion-fullwidth fullwidth-box fusion-builder-row-3 nonhundred-percent-fullwidth non-hundred-percent-height-scrolling\" style=\"--awb-background-position:left top;--awb-border-sizes-top:0px;--awb-border-sizes-bottom:0px;--awb-border-sizes-left:0px;--awb-border-sizes-right:0px;--awb-border-radius-top-left:0px;--awb-border-radius-top-right:0px;--awb-border-radius-bottom-right:0px;--awb-border-radius-bottom-left:0px;--awb-margin-top:75px;--awb-flex-wrap:wrap;\" ><div class=\"fusion-builder-row fusion-row\"><div class=\"fusion-layout-column fusion_builder_column fusion-builder-column-2 fusion_builder_column_1_6 1_6 fusion-one-sixth fusion-column-first fusion-no-small-visibility\" style=\"--awb-bg-size:cover;width:16.666666666667%;width:calc(16.666666666667% - ( ( 4% + 4% ) * 0.16666666666667 ) );margin-right: 4%;\"><div class=\"fusion-column-wrapper fusion-column-has-shadow fusion-flex-column-wrapper-legacy\"><div class=\"fusion-clearfix\"><\/div><\/div><\/div><div class=\"fusion-layout-column fusion_builder_column fusion-builder-column-3 fusion_builder_column_2_3 2_3 fusion-two-third fusion-column-no-min-height fusion-animated\" style=\"--awb-padding-bottom:20px;--awb-bg-size:cover;width:66.666666666667%;width:calc(66.666666666667% - ( ( 4% + 4% ) * 0.66666666666667 ) );margin-right: 4%;\" data-animationType=\"fadeInUp\" data-animationDuration=\"0.3\" data-animationOffset=\"top-into-view\"><div class=\"fusion-column-wrapper fusion-column-has-shadow fusion-flex-column-wrapper-legacy\"><div class=\"fusion-title title fusion-title-1 fusion-sep-none fusion-title-center fusion-title-text fusion-title-size-one\"><h1 class=\"fusion-title-heading title-heading-center fusion-responsive-typography-calculated\" style=\"margin:0;--fontSize:54;line-height:1.16;\">\u00c9l\u0151 k\u00f6zvet\u00edt\u00e9s<\/h1><\/div><div class=\"fusion-text fusion-text-1\"><p style=\"text-align: center;\">Az eredeti festm\u00e9ny a Minden N\u00e9pek Asszonya amszterdami k\u00e1poln\u00e1j\u00e1ban.<\/p>\n<\/div><script type=\"application\/javascript\" src=\"https:\/\/player.livespotting.com\/player\/clappr\/latest\/player.min.js\"><\/script>\n<div class=\"lsplayer-container\">\n        <div id=\"lsplayer-wrapper\" class=\"lsplayer-wrapper\"><\/div>\n<\/div>\n<script type=\"application\/javascript\">\n        (function() {\n                lsplayer.init('lsplayer-wrapper', {\n                        player_id: 'zlf8e556', \n                        livesource_id: '7h5yg2m2'\n                });\n        })();\n<\/script><div class=\"fusion-sep-clear\"><\/div><div class=\"fusion-separator fusion-full-width-sep\" style=\"margin-left: auto;margin-right: auto;margin-top:2em;margin-bottom:2em;width:100%;\"><\/div><div class=\"fusion-sep-clear\"><\/div><div class=\"fusion-clearfix\"><\/div><\/div><\/div><div class=\"fusion-layout-column fusion_builder_column fusion-builder-column-4 fusion_builder_column_1_6 1_6 fusion-one-sixth fusion-column-last fusion-no-small-visibility fusion-animated\" style=\"--awb-bg-size:cover;--awb-margin-top:25px;width:16.666666666667%;width:calc(16.666666666667% - ( ( 4% + 4% ) * 0.16666666666667 ) );\" data-animationType=\"fadeInUp\" data-animationDuration=\"0.3\" data-animationOffset=\"top-into-view\"><div class=\"fusion-column-wrapper fusion-column-has-shadow fusion-flex-column-wrapper-legacy\"><div class=\"fusion-fa-align-right\">\n<a class=\"fb-icon-element-1 fb-icon-element fontawesome-icon fa-print fas circle-no fusion-no-small-visibility fusion-link\" style=\"font-size:32px;margin-right:25px;margin-left:25px;\" href=\"#\" onclick=\"window.print(); return false;\" aria-label=\"Link to  \" target=\"_blank\" rel=\"noopener noreferrer\"><\/a>\n<\/div><div class=\"fusion-clearfix\"><\/div><\/div><\/div><\/div><\/div><\/p>\n","protected":false},"excerpt":{"rendered":"","protected":false},"author":1,"featured_media":0,"parent":0,"menu_order":0,"comment_status":"closed","ping_status":"closed","template":"100-width.php","meta":{"footnotes":""},"class_list":["post-7399","page","type-page","status-publish","hentry"],"_links":{"self":[{"href":"https:\/\/theladyofallnations.info\/hu\/wp-json\/wp\/v2\/pages\/7399","targetHints":{"allow":["GET"]}}],"collection":[{"href":"https:\/\/theladyofallnations.info\/hu\/wp-json\/wp\/v2\/pages"}],"about":[{"href":"https:\/\/theladyofallnations.info\/hu\/wp-json\/wp\/v2\/types\/page"}],"author":[{"embeddable":true,"href":"https:\/\/theladyofallnations.info\/hu\/wp-json\/wp\/v2\/users\/1"}],"replies":[{"embeddable":true,"href":"https:\/\/theladyofallnations.info\/hu\/wp-json\/wp\/v2\/comments?post=7399"}],"version-history":[{"count":7,"href":"https:\/\/theladyofallnations.info\/hu\/wp-json\/wp\/v2\/pages\/7399\/revisions"}],"predecessor-version":[{"id":8060,"href":"https:\/\/theladyofallnations.info\/hu\/wp-json\/wp\/v2\/pages\/7399\/revisions\/8060"}],"wp:attachment":[{"href":"https:\/\/theladyofallnations.info\/hu\/wp-json\/wp\/v2\/media?parent=7399"}],"curies":[{"name":"wp","href":"https:\/\/api.w.org\/{rel}","templated":true}]}}