{"id":4395,"date":"2020-05-25T16:18:00","date_gmt":"2020-05-25T14:18:00","guid":{"rendered":"http:\/\/theladyofallnations.info\/?page_id=4395"},"modified":"2021-09-10T10:07:53","modified_gmt":"2021-09-10T08:07:53","slug":"imprint","status":"publish","type":"page","link":"https:\/\/theladyofallnations.info\/de\/imprint\/","title":{"rendered":"Impressum"},"content":{"rendered":"<p><div class=\"fusion-fullwidth fullwidth-box fusion-builder-row-1 sticky nonhundred-percent-fullwidth non-hundred-percent-height-scrolling fusion-sticky-container\" style=\"--awb-border-radius-top-left:0px;--awb-border-radius-top-right:0px;--awb-border-radius-bottom-right:0px;--awb-border-radius-bottom-left:0px;--awb-padding-top:0px;--awb-padding-right:0px;--awb-padding-bottom:0px;--awb-padding-left:0px;--awb-background-color:#f3ece1;--awb-flex-wrap:wrap;\" data-transition-offset=\"0\" data-scroll-offset=\"0\" data-sticky-small-visibility=\"1\" data-sticky-medium-visibility=\"1\" data-sticky-large-visibility=\"1\" ><div class=\"fusion-builder-row fusion-row\"><div class=\"fusion-layout-column fusion_builder_column fusion-builder-column-0 fusion_builder_column_1_1 1_1 fusion-one-full fusion-column-first fusion-column-last\" style=\"--awb-bg-color:#f3ece1;--awb-bg-color-hover:#f3ece1;--awb-bg-size:cover;--awb-margin-top:5px;--awb-margin-bottom:10px;\"><div class=\"fusion-column-wrapper fusion-column-has-shadow fusion-flex-column-wrapper-legacy\"><div class=\"fusion-column-content-centered\"><div class=\"fusion-column-content\"><div class=\"fusion-widget fusion-widget-element fusion-widget-area fusion-content-widget-area wpWidget-1 fusion-widget-align-center fusion_widget_menu fusion-no-small-visibility\" style=\"--awb-fusion-border-size:0px;--awb-fusion-bg-color:#f3ece1;--awb-fusion-border-style:solid;\"><div class=\"widget menu\"><style type=\"text\/css\">#menu-widget-1{text-align:center;}#fusion-menu-widget-1 li{display:inline-block;}#fusion-menu-widget-1 ul li a{display:inline-block;padding:0;border:0;color:#3a312f;font-size:24px;}#fusion-menu-widget-1 ul li a:after{content:\"|\";color:#3a312f;padding-right:25px;padding-left:25px;font-size:24px;}#fusion-menu-widget-1 ul li a:hover,#fusion-menu-widget-1 ul .menu-item.current-menu-item a{color:#445f72;}#fusion-menu-widget-1 ul li:last-child a:after{display:none;}#fusion-menu-widget-1 ul li .fusion-widget-cart-number{margin:0 7px;background-color:#445f72;color:#3a312f;}#fusion-menu-widget-1 ul li.fusion-active-cart-icon .fusion-widget-cart-icon:after{color:#445f72;}<\/style><nav id=\"fusion-menu-widget-1\" class=\"fusion-widget-menu\" aria-label=\"Secondary navigation\"><ul id=\"menu-desktop-menu\" class=\"menu\"><li id=\"menu-item-4540\" class=\"menu-item menu-item-type-custom menu-item-object-custom menu-item-4540\"><a href=\"\/de\">Home<\/a><\/li><li id=\"menu-item-4878\" class=\"menu-item menu-item-type-post_type menu-item-object-page menu-item-4878\"><a href=\"https:\/\/theladyofallnations.info\/de\/live-aus-der-kapelle\/\">Live<\/a><\/li><li id=\"menu-item-4334\" class=\"menu-item menu-item-type-post_type menu-item-object-page menu-item-4334\"><a href=\"https:\/\/theladyofallnations.info\/de\/aktuelles\/\">Aktuelles<\/a><\/li><li id=\"menu-item-9639\" class=\"menu-item menu-item-type-custom menu-item-object-custom menu-item-9639\"><a href=\"#\">Gebetstage<\/a><\/li><li id=\"menu-item-6173\" class=\"menu-item menu-item-type-post_type menu-item-object-page menu-item-6173\"><a href=\"https:\/\/theladyofallnations.info\/de\/kapelle\/\">Kapelle<\/a><\/li><li id=\"menu-item-4877\" class=\"menu-item menu-item-type-post_type menu-item-object-page menu-item-4877\"><a href=\"https:\/\/theladyofallnations.info\/de\/kontakt\/\">Kontakt<\/a><\/li><li id=\"menu-item-4335\" class=\"menu-item menu-item-type-custom menu-item-object-custom menu-item-4335\"><a target=\"_blank\" href=\"https:\/\/www.theladyofallnations.org\/\">Shop<\/a><\/li><\/ul><\/nav><\/div><\/div><!--<div style=\"width:100%;max-width:630px;margin:.5em auto .25em auto;padding:.5em;font-size: 24px;text-align:center;border-top:1px solid #3a312f;border-bottom:1px solid #3a312f\">\n\t<b><a style=\"color:#3a312f\" href=\"http:\/\/www.gebetstag.info\/\" target=\"_blank\" rel=\"noopener\">Day of Prayer 2022:<\/a> <a style=\"color:#f44336\" href=\"http:\/\/www.gebetstag.info\/\" target=\"_blank\" rel=\"noopener\">Livestream<\/a> <small>\u2022<\/small> <a style=\"color:#f44336\" href=\"http:\/\/www.gebetstag.info\/\" target=\"_blank\" rel=\"noopener\">Program<\/a> <small>\u2022<\/small> <a style=\"color:#f44336\" href=\"http:\/\/www.gebetstag.info\/\" target=\"_blank\" rel=\"noopener\">Interview<\/a><\/b>\n<\/div>-->\n<div style=\"text-align:center\">\n\t\n<div class=\"wpml-ls-statics-shortcode_actions wpml-ls wpml-ls-legacy-list-horizontal\">\n\t<ul><li class=\"wpml-ls-slot-shortcode_actions wpml-ls-item wpml-ls-item-de wpml-ls-current-language wpml-ls-first-item wpml-ls-item-legacy-list-horizontal\">\n\t\t\t\t<a href=\"https:\/\/theladyofallnations.info\/de\/\" class=\"wpml-ls-link\">\n                                                        <img decoding=\"async\"\n            class=\"lazyload wpml-ls-flag\"\n            src=\"data:image\/gif;base64,R0lGODlhAQABAAAAACH5BAEKAAEALAAAAAABAAEAAAICTAEAOw==\" data-orig-src=\"https:\/\/theladyofallnations.info\/wp-content\/plugins\/sitepress-multilingual-cms\/res\/flags\/de.png\"\n            alt=\"Deutsch\"\n            width=18\n            height=12\n    \/><\/a>\n\t\t\t<\/li><li class=\"wpml-ls-slot-shortcode_actions wpml-ls-item wpml-ls-item-nl wpml-ls-item-legacy-list-horizontal\">\n\t\t\t\t<a href=\"https:\/\/theladyofallnations.info\/nl\/\" class=\"wpml-ls-link\">\n                                                        <img decoding=\"async\"\n            class=\"lazyload wpml-ls-flag\"\n            src=\"data:image\/gif;base64,R0lGODlhAQABAAAAACH5BAEKAAEALAAAAAABAAEAAAICTAEAOw==\" data-orig-src=\"https:\/\/theladyofallnations.info\/wp-content\/plugins\/sitepress-multilingual-cms\/res\/flags\/nl.png\"\n            alt=\"Niederl\u00e4ndisch\"\n            width=18\n            height=12\n    \/><\/a>\n\t\t\t<\/li><li class=\"wpml-ls-slot-shortcode_actions wpml-ls-item wpml-ls-item-en wpml-ls-item-legacy-list-horizontal\">\n\t\t\t\t<a href=\"https:\/\/theladyofallnations.info\/en\/\" class=\"wpml-ls-link\">\n                                                        <img decoding=\"async\"\n            class=\"lazyload wpml-ls-flag\"\n            src=\"data:image\/gif;base64,R0lGODlhAQABAAAAACH5BAEKAAEALAAAAAABAAEAAAICTAEAOw==\" data-orig-src=\"https:\/\/theladyofallnations.info\/wp-content\/plugins\/sitepress-multilingual-cms\/res\/flags\/en.png\"\n            alt=\"Englisch\"\n            width=18\n            height=12\n    \/><\/a>\n\t\t\t<\/li><li class=\"wpml-ls-slot-shortcode_actions wpml-ls-item wpml-ls-item-fr wpml-ls-item-legacy-list-horizontal\">\n\t\t\t\t<a href=\"https:\/\/theladyofallnations.info\/fr\/\" class=\"wpml-ls-link\">\n                                                        <img decoding=\"async\"\n            class=\"lazyload wpml-ls-flag\"\n            src=\"data:image\/gif;base64,R0lGODlhAQABAAAAACH5BAEKAAEALAAAAAABAAEAAAICTAEAOw==\" data-orig-src=\"https:\/\/theladyofallnations.info\/wp-content\/plugins\/sitepress-multilingual-cms\/res\/flags\/fr.png\"\n            alt=\"Franz\u00f6sisch\"\n            width=18\n            height=12\n    \/><\/a>\n\t\t\t<\/li><li class=\"wpml-ls-slot-shortcode_actions wpml-ls-item wpml-ls-item-it wpml-ls-item-legacy-list-horizontal\">\n\t\t\t\t<a href=\"https:\/\/theladyofallnations.info\/it\/\" class=\"wpml-ls-link\">\n                                                        <img decoding=\"async\"\n            class=\"lazyload wpml-ls-flag\"\n            src=\"data:image\/gif;base64,R0lGODlhAQABAAAAACH5BAEKAAEALAAAAAABAAEAAAICTAEAOw==\" data-orig-src=\"https:\/\/theladyofallnations.info\/wp-content\/plugins\/sitepress-multilingual-cms\/res\/flags\/it.png\"\n            alt=\"Italienisch\"\n            width=18\n            height=12\n    \/><\/a>\n\t\t\t<\/li><li class=\"wpml-ls-slot-shortcode_actions wpml-ls-item wpml-ls-item-es wpml-ls-item-legacy-list-horizontal\">\n\t\t\t\t<a href=\"https:\/\/theladyofallnations.info\/es\/\" class=\"wpml-ls-link\">\n                                                        <img decoding=\"async\"\n            class=\"lazyload wpml-ls-flag\"\n            src=\"data:image\/gif;base64,R0lGODlhAQABAAAAACH5BAEKAAEALAAAAAABAAEAAAICTAEAOw==\" data-orig-src=\"https:\/\/theladyofallnations.info\/wp-content\/plugins\/sitepress-multilingual-cms\/res\/flags\/es.png\"\n            alt=\"Spanisch\"\n            width=18\n            height=12\n    \/><\/a>\n\t\t\t<\/li><li class=\"wpml-ls-slot-shortcode_actions wpml-ls-item wpml-ls-item-pl wpml-ls-item-legacy-list-horizontal\">\n\t\t\t\t<a href=\"https:\/\/theladyofallnations.info\/pl\/\" class=\"wpml-ls-link\">\n                                                        <img decoding=\"async\"\n            class=\"lazyload wpml-ls-flag\"\n            src=\"data:image\/gif;base64,R0lGODlhAQABAAAAACH5BAEKAAEALAAAAAABAAEAAAICTAEAOw==\" data-orig-src=\"https:\/\/theladyofallnations.info\/wp-content\/plugins\/sitepress-multilingual-cms\/res\/flags\/pl.png\"\n            alt=\"Polnisch\"\n            width=18\n            height=12\n    \/><\/a>\n\t\t\t<\/li><li class=\"wpml-ls-slot-shortcode_actions wpml-ls-item wpml-ls-item-pt-br wpml-ls-item-legacy-list-horizontal\">\n\t\t\t\t<a href=\"https:\/\/theladyofallnations.info\/pt-br\/\" class=\"wpml-ls-link\">\n                                                        <img decoding=\"async\"\n            class=\"lazyload wpml-ls-flag\"\n            src=\"data:image\/gif;base64,R0lGODlhAQABAAAAACH5BAEKAAEALAAAAAABAAEAAAICTAEAOw==\" data-orig-src=\"https:\/\/theladyofallnations.info\/wp-content\/plugins\/sitepress-multilingual-cms\/res\/flags\/pt-br.png\"\n            alt=\"Portugiesisch, Brasilien\"\n            width=18\n            height=12\n    \/><\/a>\n\t\t\t<\/li><li class=\"wpml-ls-slot-shortcode_actions wpml-ls-item wpml-ls-item-ru wpml-ls-item-legacy-list-horizontal\">\n\t\t\t\t<a href=\"https:\/\/theladyofallnations.info\/ru\/\" class=\"wpml-ls-link\">\n                                                        <img decoding=\"async\"\n            class=\"lazyload wpml-ls-flag\"\n            src=\"data:image\/gif;base64,R0lGODlhAQABAAAAACH5BAEKAAEALAAAAAABAAEAAAICTAEAOw==\" data-orig-src=\"https:\/\/theladyofallnations.info\/wp-content\/plugins\/sitepress-multilingual-cms\/res\/flags\/ru.png\"\n            alt=\"Russisch\"\n            width=18\n            height=12\n    \/><\/a>\n\t\t\t<\/li><li class=\"wpml-ls-slot-shortcode_actions wpml-ls-item wpml-ls-item-sk wpml-ls-item-legacy-list-horizontal\">\n\t\t\t\t<a href=\"https:\/\/theladyofallnations.info\/sk\/\" class=\"wpml-ls-link\">\n                                                        <img decoding=\"async\"\n            class=\"lazyload wpml-ls-flag\"\n            src=\"data:image\/gif;base64,R0lGODlhAQABAAAAACH5BAEKAAEALAAAAAABAAEAAAICTAEAOw==\" data-orig-src=\"https:\/\/theladyofallnations.info\/wp-content\/plugins\/sitepress-multilingual-cms\/res\/flags\/sk.png\"\n            alt=\"Slowakisch\"\n            width=18\n            height=12\n    \/><\/a>\n\t\t\t<\/li><li class=\"wpml-ls-slot-shortcode_actions wpml-ls-item wpml-ls-item-cs wpml-ls-item-legacy-list-horizontal\">\n\t\t\t\t<a href=\"https:\/\/theladyofallnations.info\/cs\/\" class=\"wpml-ls-link\">\n                                                        <img decoding=\"async\"\n            class=\"lazyload wpml-ls-flag\"\n            src=\"data:image\/gif;base64,R0lGODlhAQABAAAAACH5BAEKAAEALAAAAAABAAEAAAICTAEAOw==\" data-orig-src=\"https:\/\/theladyofallnations.info\/wp-content\/plugins\/sitepress-multilingual-cms\/res\/flags\/cs.png\"\n            alt=\"Tschechisch\"\n            width=18\n            height=12\n    \/><\/a>\n\t\t\t<\/li><li class=\"wpml-ls-slot-shortcode_actions wpml-ls-item wpml-ls-item-hu wpml-ls-item-legacy-list-horizontal\">\n\t\t\t\t<a href=\"https:\/\/theladyofallnations.info\/hu\/\" class=\"wpml-ls-link\">\n                                                        <img decoding=\"async\"\n            class=\"lazyload wpml-ls-flag\"\n            src=\"data:image\/gif;base64,R0lGODlhAQABAAAAACH5BAEKAAEALAAAAAABAAEAAAICTAEAOw==\" data-orig-src=\"https:\/\/theladyofallnations.info\/wp-content\/plugins\/sitepress-multilingual-cms\/res\/flags\/hu.png\"\n            alt=\"Ungarisch\"\n            width=18\n            height=12\n    \/><\/a>\n\t\t\t<\/li><li class=\"wpml-ls-slot-shortcode_actions wpml-ls-item wpml-ls-item-ar wpml-ls-item-legacy-list-horizontal\">\n\t\t\t\t<a href=\"https:\/\/theladyofallnations.info\/ar\/\" class=\"wpml-ls-link\">\n                                                        <img decoding=\"async\"\n            class=\"lazyload wpml-ls-flag\"\n            src=\"data:image\/gif;base64,R0lGODlhAQABAAAAACH5BAEKAAEALAAAAAABAAEAAAICTAEAOw==\" data-orig-src=\"https:\/\/theladyofallnations.info\/wp-content\/plugins\/sitepress-multilingual-cms\/res\/flags\/ar.png\"\n            alt=\"Arabisch\"\n            width=18\n            height=12\n    \/><\/a>\n\t\t\t<\/li><li class=\"wpml-ls-slot-shortcode_actions wpml-ls-item wpml-ls-item-id wpml-ls-item-legacy-list-horizontal\">\n\t\t\t\t<a href=\"https:\/\/theladyofallnations.info\/id\/\" class=\"wpml-ls-link\">\n                                                        <img decoding=\"async\"\n            class=\"lazyload wpml-ls-flag\"\n            src=\"data:image\/gif;base64,R0lGODlhAQABAAAAACH5BAEKAAEALAAAAAABAAEAAAICTAEAOw==\" data-orig-src=\"https:\/\/theladyofallnations.info\/wp-content\/plugins\/sitepress-multilingual-cms\/res\/flags\/id.png\"\n            alt=\"Indonesisch\"\n            width=18\n            height=12\n    \/><\/a>\n\t\t\t<\/li><li class=\"wpml-ls-slot-shortcode_actions wpml-ls-item wpml-ls-item-hr wpml-ls-item-legacy-list-horizontal\">\n\t\t\t\t<a href=\"https:\/\/theladyofallnations.info\/hr\/\" class=\"wpml-ls-link\">\n                                                        <img decoding=\"async\"\n            class=\"lazyload wpml-ls-flag\"\n            src=\"data:image\/gif;base64,R0lGODlhAQABAAAAACH5BAEKAAEALAAAAAABAAEAAAICTAEAOw==\" data-orig-src=\"https:\/\/theladyofallnations.info\/wp-content\/plugins\/sitepress-multilingual-cms\/res\/flags\/hr.png\"\n            alt=\"Kroatisch\"\n            width=18\n            height=12\n    \/><\/a>\n\t\t\t<\/li><li class=\"wpml-ls-slot-shortcode_actions wpml-ls-item wpml-ls-item-ko wpml-ls-item-legacy-list-horizontal\">\n\t\t\t\t<a href=\"https:\/\/theladyofallnations.info\/ko\/\" class=\"wpml-ls-link\">\n                                                        <img decoding=\"async\"\n            class=\"lazyload wpml-ls-flag\"\n            src=\"data:image\/gif;base64,R0lGODlhAQABAAAAACH5BAEKAAEALAAAAAABAAEAAAICTAEAOw==\" data-orig-src=\"https:\/\/theladyofallnations.info\/wp-content\/plugins\/sitepress-multilingual-cms\/res\/flags\/ko.png\"\n            alt=\"Koreanisch\"\n            width=18\n            height=12\n    \/><\/a>\n\t\t\t<\/li><li class=\"wpml-ls-slot-shortcode_actions wpml-ls-item wpml-ls-item-ja wpml-ls-last-item wpml-ls-item-legacy-list-horizontal\">\n\t\t\t\t<a href=\"https:\/\/theladyofallnations.info\/ja\/\" class=\"wpml-ls-link\">\n                                                        <img decoding=\"async\"\n            class=\"lazyload wpml-ls-flag\"\n            src=\"data:image\/gif;base64,R0lGODlhAQABAAAAACH5BAEKAAEALAAAAAABAAEAAAICTAEAOw==\" data-orig-src=\"https:\/\/theladyofallnations.info\/wp-content\/plugins\/sitepress-multilingual-cms\/res\/flags\/ja.png\"\n            alt=\"Japanisch\"\n            width=18\n            height=12\n    \/><\/a>\n\t\t\t<\/li><\/ul>\n<\/div>\n\n<\/div><\/div><\/div><div class=\"fusion-clearfix\"><\/div><\/div><\/div><\/div><\/div>\n<div class=\"fusion-fullwidth fullwidth-box fusion-builder-row-2 hundred-percent-fullwidth non-hundred-percent-height-scrolling\" style=\"--awb-border-radius-top-left:0px;--awb-border-radius-top-right:0px;--awb-border-radius-bottom-right:0px;--awb-border-radius-bottom-left:0px;--awb-padding-top:0px;--awb-padding-right:0px;--awb-padding-bottom:0px;--awb-padding-left:0px;--awb-margin-top:0px;--awb-margin-bottom:0px;--awb-background-color:#f3ece1;--awb-flex-wrap:wrap;\" ><div class=\"fusion-builder-row fusion-row\"><div class=\"fusion-layout-column fusion_builder_column fusion-builder-column-1 fusion_builder_column_1_1 1_1 fusion-one-full fusion-column-first fusion-column-last\" style=\"--awb-padding-top:0px;--awb-padding-right:0px;--awb-padding-bottom:0px;--awb-padding-left:0px;--awb-bg-size:cover;--awb-margin-bottom:0px;\"><div class=\"fusion-column-wrapper fusion-column-has-shadow fusion-flex-column-wrapper-legacy\"><div class=\"fusion-image-element fusion-image-align-center in-legacy-container\" style=\"text-align:center;--awb-caption-title-font-family:var(--h2_typography-font-family);--awb-caption-title-font-weight:var(--h2_typography-font-weight);--awb-caption-title-font-style:var(--h2_typography-font-style);--awb-caption-title-size:var(--h2_typography-font-size);--awb-caption-title-transform:var(--h2_typography-text-transform);--awb-caption-title-line-height:var(--h2_typography-line-height);--awb-caption-title-letter-spacing:var(--h2_typography-letter-spacing);\"><div class=\"imageframe-align-center\"><span class=\" fusion-imageframe imageframe-none imageframe-1 hover-type-none\"><img decoding=\"async\" width=\"1920\" height=\"660\" src=\"https:\/\/theladyofallnations.info\/wp-content\/uploads\/2020\/06\/header-1920x660-impressum.jpg\" data-orig-src=\"http:\/\/theladyofallnations.info\/wp-content\/uploads\/2020\/06\/header-1920x660-impressum.jpg\" alt class=\"lazyload img-responsive wp-image-5083\" srcset=\"data:image\/svg+xml,%3Csvg%20xmlns%3D%27http%3A%2F%2Fwww.w3.org%2F2000%2Fsvg%27%20width%3D%271920%27%20height%3D%27660%27%20viewBox%3D%270%200%201920%20660%27%3E%3Crect%20width%3D%271920%27%20height%3D%27660%27%20fill-opacity%3D%220%22%2F%3E%3C%2Fsvg%3E\" data-srcset=\"https:\/\/theladyofallnations.info\/wp-content\/uploads\/2020\/06\/header-1920x660-impressum-200x69.jpg 200w, https:\/\/theladyofallnations.info\/wp-content\/uploads\/2020\/06\/header-1920x660-impressum-400x138.jpg 400w, https:\/\/theladyofallnations.info\/wp-content\/uploads\/2020\/06\/header-1920x660-impressum-600x206.jpg 600w, https:\/\/theladyofallnations.info\/wp-content\/uploads\/2020\/06\/header-1920x660-impressum-800x275.jpg 800w, https:\/\/theladyofallnations.info\/wp-content\/uploads\/2020\/06\/header-1920x660-impressum-1200x413.jpg 1200w, https:\/\/theladyofallnations.info\/wp-content\/uploads\/2020\/06\/header-1920x660-impressum.jpg 1920w\" data-sizes=\"auto\" data-orig-sizes=\"(max-width: 800px) 100vw, 1920px\" \/><\/span><\/div><\/div><div class=\"fusion-clearfix\"><\/div><\/div><\/div><\/div><\/div><div class=\"fusion-fullwidth fullwidth-box fusion-builder-row-3 nonhundred-percent-fullwidth non-hundred-percent-height-scrolling\" style=\"--awb-background-position:left top;--awb-border-sizes-top:0px;--awb-border-sizes-bottom:0px;--awb-border-sizes-left:0px;--awb-border-sizes-right:0px;--awb-border-radius-top-left:0px;--awb-border-radius-top-right:0px;--awb-border-radius-bottom-right:0px;--awb-border-radius-bottom-left:0px;--awb-margin-top:75px;--awb-flex-wrap:wrap;\" ><div class=\"fusion-builder-row fusion-row\"><div class=\"fusion-layout-column fusion_builder_column fusion-builder-column-2 fusion_builder_column_1_6 1_6 fusion-one-sixth fusion-column-first fusion-no-small-visibility\" style=\"--awb-bg-size:cover;width:16.666666666667%;width:calc(16.666666666667% - ( ( 4% + 4% ) * 0.16666666666667 ) );margin-right: 4%;\"><div class=\"fusion-column-wrapper fusion-column-has-shadow fusion-flex-column-wrapper-legacy\"><div class=\"fusion-clearfix\"><\/div><\/div><\/div><div class=\"fusion-layout-column fusion_builder_column fusion-builder-column-3 fusion_builder_column_2_3 2_3 fusion-two-third fusion-column-no-min-height fusion-animated\" style=\"--awb-padding-bottom:20px;--awb-bg-size:cover;width:66.666666666667%;width:calc(66.666666666667% - ( ( 4% + 4% ) * 0.66666666666667 ) );margin-right: 4%;\" data-animationType=\"fadeInUp\" data-animationDuration=\"0.3\" data-animationOffset=\"top-into-view\"><div class=\"fusion-column-wrapper fusion-column-has-shadow fusion-flex-column-wrapper-legacy\"><div class=\"fusion-title title fusion-title-1 fusion-sep-none fusion-title-center fusion-title-text fusion-title-size-one\"><h1 class=\"fusion-title-heading title-heading-center fusion-responsive-typography-calculated\" style=\"margin:0;--fontSize:54;line-height:1.16;\">Impressum<\/h1><\/div><div class=\"fusion-text fusion-text-1\"><h2>Angaben gem\u00e4\u00df \u00a7 5 TMG<\/h2>\n<p>F\u00f6rderstiftung Familie Mariens<br \/>\nNiederstra\u00dfe 65<br \/>\nDE-41460 Neuss<\/p>\n<h3>Vertreten durch<\/h3>\n<p>Gabriel Heinzelmann,<br \/>\nFranziska Kerschbaumer,<br \/>\nElisabeth Marquart<\/p>\n<h3>Kontakt<\/h3>\n<p>Tel.:\u00a0<a href=\"tel:+49213140515836\">+49 2131 405 158 36<\/a><br \/>\nE-Mail: fs [at] familiemariens.org<\/p>\n<h3>Umsatzsteuer<\/h3>\n<p>Umsatzsteuer-Identifikationsnummer gem\u00e4\u00df \u00a727 a Umsatzsteuergesetz:<br \/>\nDE270390719<\/p>\n<h3>Verantwortlich f\u00fcr den Inhalt nach \u00a7 55 Abs. 2 RStV<\/h3>\n<p>F\u00f6rderstiftung Familie Mariens<br \/>\nElisabeth Marquart<br \/>\nNiederstra\u00dfe 65<br \/>\nDE-41405 Neuss<\/p>\n<h3>Streitschlichtung<\/h3>\n<p>Die Europ\u00e4ische Kommission stellt eine Plattform zur Online-Streitbeilegung (OS) bereit:\u00a0<a href=\"https:\/\/ec.europa.eu\/consumers\/odr\" target=\"_blank\" rel=\"noopener noreferrer\">https:\/\/ec.europa.eu\/consumers\/odr<\/a>. Unsere E-Mail-Adresse finden Sie oben im Impressum.<\/p>\n<p>Wir sind nicht bereit oder verpflichtet, an Streitbeilegungsverfahren vor einer Verbraucherschlichtungsstelle teilzunehmen.<\/p>\n<h3><span class=\"Apple-style-span\">Haftung<\/span><span class=\"Apple-style-span\"> f<\/span><span class=\"Apple-style-span\">\u00fcr<\/span><span class=\"Apple-style-span\"> Inhalte<\/span><\/h3>\n<p>Als Diensteanbieter sind wir gem\u00e4\u00df \u00a7 7 Abs.1 TMG f\u00fcr eigene Inhalte auf diesen Seiten nach den allgemeinen Gesetzen verantwortlich. Nach \u00a7\u00a7 8 bis 10 TMG sind wir als Diensteanbieter jedoch nicht verpflichtet, \u00fcbermittelte oder gespeicherte fremde Informationen zu \u00fcberwachen oder nach Umst\u00e4nden zu forschen, die auf eine rechtswidrige T\u00e4tigkeit hinweisen.<\/p>\n<p>Verpflichtungen zur Entfernung oder Sperrung der Nutzung von Informationen nach den allgemeinen Gesetzen bleiben hiervon unber\u00fchrt. Eine diesbez\u00fcgliche Haftung ist jedoch erst ab dem Zeitpunkt der Kenntnis einer konkreten Rechtsverletzung m\u00f6glich. Bei Bekanntwerden von entsprechenden Rechtsverletzungen werden wir diese Inhalte umgehend entfernen.<\/p>\n<h3><span class=\"Apple-style-span\">Haftung f\u00fcr Links<\/span><\/h3>\n<p>Unser Angebot enth\u00e4lt Links zu externen Websites Dritter, auf deren Inhalte wir keinen Einfluss haben. Deshalb k\u00f6nnen wir f\u00fcr diese fremden Inhalte auch keine Gew\u00e4hr \u00fcbernehmen. F\u00fcr die Inhalte der verlinkten Seiten ist stets der jeweilige Anbieter oder Betreiber der Seiten verantwortlich. Die verlinkten Seiten wurden zum Zeitpunkt der Verlinkung auf m\u00f6gliche Rechtsverst\u00f6\u00dfe \u00fcberpr\u00fcft. Rechtswidrige Inhalte waren zum Zeitpunkt der Verlinkung nicht erkennbar.<\/p>\n<p>Eine permanente inhaltliche Kontrolle der verlinkten Seiten ist jedoch ohne konkrete Anhaltspunkte einer Rechtsverletzung nicht zumutbar. Bei Bekanntwerden von Rechtsverletzungen werden wir derartige Links umgehend entfernen.<\/p>\n<h3><span class=\"Apple-style-span\">Urheberrecht<\/span><\/h3>\n<p>Die durch die Seitenbetreiber erstellten Inhalte und Werke auf diesen Seiten unterliegen dem deutschen Urheberrecht. Die Vervielf\u00e4ltigung, Bearbeitung, Verbreitung und jede Art der Verwertung au\u00dferhalb der Grenzen des Urheberrechtes bed\u00fcrfen der schriftlichen Zustimmung des jeweiligen Autors bzw. Erstellers. Downloads und Kopien dieser Seite sind nur f\u00fcr den privaten, nicht kommerziellen Gebrauch gestattet.<\/p>\n<p>Soweit die Inhalte auf dieser Seite nicht vom Betreiber erstellt wurden, werden die Urheberrechte Dritter beachtet. Insbesondere werden Inhalte Dritter als solche gekennzeichnet. Sollten Sie trotzdem auf eine Urheberrechtsverletzung aufmerksam werden, bitten wir um einen entsprechenden Hinweis. Bei Bekanntwerden von Rechtsverletzungen werden wir derartige Inhalte umgehend entfernen.<\/p>\n<\/div><div class=\"fusion-clearfix\"><\/div><\/div><\/div><div class=\"fusion-layout-column fusion_builder_column fusion-builder-column-4 fusion_builder_column_1_6 1_6 fusion-one-sixth fusion-column-last fusion-no-small-visibility fusion-animated\" style=\"--awb-bg-size:cover;--awb-margin-top:25px;width:16.666666666667%;width:calc(16.666666666667% - ( ( 4% + 4% ) * 0.16666666666667 ) );\" data-animationType=\"fadeInUp\" data-animationDuration=\"0.3\" data-animationOffset=\"top-into-view\"><div class=\"fusion-column-wrapper fusion-column-has-shadow fusion-flex-column-wrapper-legacy\"><div class=\"fusion-fa-align-right\">\n<a class=\"fb-icon-element-1 fb-icon-element fontawesome-icon fa-print fas circle-no fusion-no-small-visibility fusion-link\" style=\"font-size:32px;margin-right:25px;margin-left:25px;\" href=\"#\" onclick=\"window.print(); return false;\" aria-label=\"Link to \" target=\"_blank\" rel=\"noopener noreferrer\"><\/a>\n<\/div><div class=\"fusion-clearfix\"><\/div><\/div><\/div><\/div><\/div><\/p>\n","protected":false},"excerpt":{"rendered":"","protected":false},"author":1,"featured_media":0,"parent":0,"menu_order":0,"comment_status":"closed","ping_status":"closed","template":"100-width.php","meta":{"footnotes":""},"class_list":["post-4395","page","type-page","status-publish","hentry"],"_links":{"self":[{"href":"https:\/\/theladyofallnations.info\/de\/wp-json\/wp\/v2\/pages\/4395","targetHints":{"allow":["GET"]}}],"collection":[{"href":"https:\/\/theladyofallnations.info\/de\/wp-json\/wp\/v2\/pages"}],"about":[{"href":"https:\/\/theladyofallnations.info\/de\/wp-json\/wp\/v2\/types\/page"}],"author":[{"embeddable":true,"href":"https:\/\/theladyofallnations.info\/de\/wp-json\/wp\/v2\/users\/1"}],"replies":[{"embeddable":true,"href":"https:\/\/theladyofallnations.info\/de\/wp-json\/wp\/v2\/comments?post=4395"}],"version-history":[{"count":10,"href":"https:\/\/theladyofallnations.info\/de\/wp-json\/wp\/v2\/pages\/4395\/revisions"}],"predecessor-version":[{"id":7226,"href":"https:\/\/theladyofallnations.info\/de\/wp-json\/wp\/v2\/pages\/4395\/revisions\/7226"}],"wp:attachment":[{"href":"https:\/\/theladyofallnations.info\/de\/wp-json\/wp\/v2\/media?parent=4395"}],"curies":[{"name":"wp","href":"https:\/\/api.w.org\/{rel}","templated":true}]}}